{"id":137,"date":"2023-06-06T14:50:02","date_gmt":"2023-06-06T12:50:02","guid":{"rendered":"http:\/\/mauvaisgarcons.beer\/?page_id=137"},"modified":"2023-06-06T16:34:01","modified_gmt":"2023-06-06T14:34:01","slug":"137-2","status":"publish","type":"page","link":"https:\/\/mauvaisgarcons.beer\/","title":{"rendered":"."},"content":{"rendered":"\n<style>\n\t#hotspot-128 .hotspots-image-container,\n\t#hotspot-128 .leaflet-container {\n\t\tbackground: #000000\t}\n\n\t#hotspot-128 .hotspots-placeholder {\n\t\tbackground: #000000;\n\t\tborder: 0 #000000 solid;\n\t\tcolor: #eeee22;\n\t}\n\n\t#hotspot-128 .hotspot-title {\n\t\tcolor: #eeee22;\n\t}\n\n\t\t\t#hotspot-128 .hotspot-default {\n\t\t\tstroke-width: 2;\n\t\t\tfill: #ffffff;\n\t\t\tfill-opacity: 0;\n\t\t\tstroke: #ffffff;\n\t\t\tstroke-opacity: 0;\n\t\t}\n\t\t#hotspot-128 .hotspot-default:hover,\n\t\t#hotspot-128 .hotspot-default:focus,\n\t\t#hotspot-128 .hotspot-default.hotspot-active {\n\t\t\tfill: #3CA2A2;\n\t\t\tfill-opacity: 0.71;\n\t\t\tstroke: #235B6E;\n\t\t\tstroke-opacity: 1.01;\n\t\t}\n\t\t#hotspot-128 .leaflet-tooltip,\n\t#hotspot-128 .leaflet-rrose-content-wrapper {\n\t\tbackground: #000000;\n\t\tborder-color: #000000;\n\t\tcolor: #eeee22;\n\t}\n\n\t#hotspot-128 a.leaflet-rrose-close-button {\n\t\tcolor: #eeee22;\n\t}\n\n\t#hotspot-128 .leaflet-rrose-tip {\n\t\tbackground: #000000;\n\t}\n\n\t#hotspot-128 .leaflet-popup-scrolled {\n\t\tborder-bottom-color: #eeee22;\n\t\tborder-top-color: #eeee22;\n\t}\n\n\t#hotspot-128 .leaflet-tooltip-top:before {\n\t\tborder-top-color: #000000;\n\t}\n\n\t#hotspot-128 .leaflet-tooltip-bottom:before {\n\t\tborder-bottom-color: #000000;\n\t}\n\t#hotspot-128 .leaflet-tooltip-left:before {\n\t\tborder-left-color: #000000;\n\t}\n\t#hotspot-128 .leaflet-tooltip-right:before {\n\t\tborder-right-color: #000000;\n\t}\n<\/style>\n\n\n\t<div class=\"hotspots-container  layout-left event-click\" id=\"hotspot-128\" data-layout=\"left\" data-trigger=\"click\">\n\t\t<div class=\"hotspots-interaction\">\n\t\t\t\t<div class=\"hotspots-placeholder\" id=\"content-hotspot-128\">\n\t\t<div class=\"hotspot-initial\">\n\t\t\t\t\t\t\t\t\t<h2 class=\"hotspot-title\">\n\t\t\t\t.\t\t\t<\/h2>\n\t\t\t\t\t\t<div class=\"hotspot-content\">\n\t\t\t\t\t\t\t<\/div>\n\t\t<\/div>\n\t<\/div>\n<div class=\"hotspots-image-container\">\n\t<img\n\t\twidth=\"2560\"\n\t\theight=\"1499\"\n\t\tsrc=\"https:\/\/mauvaisgarcons.beer\/wp-content\/uploads\/2023\/06\/header-2-scaled.jpg\"\n\t\talt=\".\"\n\t\tclass=\"hotspots-image skip-lazy\"\n\t\tusemap=\"#hotspots-image-128\"\n\t\tdata-image-title=\".\"\n\t\tdata-image-description=\"\"\n\t\tdata-event-trigger=\"click\"\n\t\tdata-always-visible=\"false\"\n\t\tdata-id=\"128\"\n\t\tdata-no-lazy=\"1\"\n\t\tdata-lazy-src=\"\"\n\t\tdata-lazy=\"false\"\n\t\tloading=\"eager\"\n\t\tdata-skip-lazy=\"1\"\n\t\t>\n<\/div>\t\t<\/div>\n\t\t<map name=\"hotspots-image-128\" class=\"hotspots-map\">\n\t\t\t\t\t\t\t\t\t\t\t<area\n\t\t\t\t\tshape=\"polygon\"\n\t\t\t\t\tcoords=\"1073,1319,1073,1111,1294,1111,1294,1319\"\n\t\t\t\t\thref=\"https:\/\/www.instagram.com\/bieres_lesmauvaisgarcons\/?hl=fr\"\n\t\t\t\t\trel=\"\"\n\t\t\t\t\ttitle=\"instagram\"\n\t\t\t\t\talt=\"instagram\"\n\t\t\t\t\tdata-action=\"url\"\n\t\t\t\t\tdata-color-scheme=\"\"\n\t\t\t\t\ttarget=\"_new\"\n\t\t\t\t\tclass=\"url-area\"\n\t\t\t\t\t>\n\t\t\t\t\t\t\t\t\t\t\t<area\n\t\t\t\t\tshape=\"polygon\"\n\t\t\t\t\tcoords=\"2277,1319,2277,813,2552,813,2552,1319\"\n\t\t\t\t\thref=\"#hotspot-hotspot-128-1\"\n\t\t\t\t\trel=\"\"\n\t\t\t\t\ttitle=\"Qui sont les Mauvais Gar\u00e7ons?\"\n\t\t\t\t\talt=\"Qui sont les Mauvais Gar\u00e7ons?\"\n\t\t\t\t\tdata-action=\"\"\n\t\t\t\t\tdata-color-scheme=\"\"\n\t\t\t\t\ttarget=\"\"\n\t\t\t\t\tclass=\"more-info-area\"\n\t\t\t\t\t>\n\t\t\t\t\t\t\t\t\t\t\t<area\n\t\t\t\t\tshape=\"polygon\"\n\t\t\t\t\tcoords=\"1911,1313,1911,825,2228,825,2228,1313\"\n\t\t\t\t\thref=\"#hotspot-hotspot-128-2\"\n\t\t\t\t\trel=\"\"\n\t\t\t\t\ttitle=\"Les bi\u00e8res\"\n\t\t\t\t\talt=\"Les bi\u00e8res\"\n\t\t\t\t\tdata-action=\"\"\n\t\t\t\t\tdata-color-scheme=\"\"\n\t\t\t\t\ttarget=\"\"\n\t\t\t\t\tclass=\"more-info-area\"\n\t\t\t\t\t>\n\t\t\t\t\t\t\t\t\t\t\t<area\n\t\t\t\t\tshape=\"polygon\"\n\t\t\t\t\tcoords=\"1144,787,1086,967,1620,1071,1626,913,1416,717,1236,719\"\n\t\t\t\t\thref=\"http:\/\/mauvaisgarcons.beer\/index.php\/contact\/\"\n\t\t\t\t\trel=\"\"\n\t\t\t\t\ttitle=\"contact\"\n\t\t\t\t\talt=\"contact\"\n\t\t\t\t\tdata-action=\"url\"\n\t\t\t\t\tdata-color-scheme=\"\"\n\t\t\t\t\ttarget=\"_new\"\n\t\t\t\t\tclass=\"url-area\"\n\t\t\t\t\t>\n\t\t\t\t\t\t\t\t\t\t\t<area\n\t\t\t\t\tshape=\"polygon\"\n\t\t\t\t\tcoords=\"1653,1333,1653,825,1864,825,1864,1333\"\n\t\t\t\t\thref=\"#hotspot-hotspot-128-4\"\n\t\t\t\t\trel=\"\"\n\t\t\t\t\ttitle=\"O\u00f9 trouvez les Mauvais Gar\u00e7ons?\"\n\t\t\t\t\talt=\"O\u00f9 trouvez les Mauvais Gar\u00e7ons?\"\n\t\t\t\t\tdata-action=\"\"\n\t\t\t\t\tdata-color-scheme=\"\"\n\t\t\t\t\ttarget=\"_new\"\n\t\t\t\t\tclass=\"more-info-area\"\n\t\t\t\t\t>\n\t\t\t\t\t\t\t\t\t\t\t<area\n\t\t\t\t\tshape=\"polygon\"\n\t\t\t\t\tcoords=\"1825,175,1825,19,2332,19,2332,175\"\n\t\t\t\t\thref=\"#hotspot-hotspot-128-5\"\n\t\t\t\t\trel=\"\"\n\t\t\t\t\ttitle=\"On ne touche pas \u00e0 la moustache des gens!!\"\n\t\t\t\t\talt=\"On ne touche pas \u00e0 la moustache des gens!!\"\n\t\t\t\t\tdata-action=\"\"\n\t\t\t\t\tdata-color-scheme=\"\"\n\t\t\t\t\ttarget=\"\"\n\t\t\t\t\tclass=\"more-info-area\"\n\t\t\t\t\t>\n\t\t\t\t\t<\/map>\n\n\t\t\n\t\t\t\t\t\t\t\t\n\t\t\t\t\t\t<div class=\"hotspot-info \" id=\"hotspot-hotspot-128-1\">\n\t\t\t\t\n\t\t\t\t<h2 class=\"hotspot-title\">Qui sont les Mauvais Gar\u00e7ons?<\/h2>\t\t\t\t\t\t\t\t\t<div class=\"hotspot-thumb\">\n\t\t\t\t\t\t<img width=\"1017\" height=\"1017\" src=\"https:\/\/mauvaisgarcons.beer\/wp-content\/uploads\/2019\/08\/carte-de-visite-1.jpg\" class=\"attachment-large size-large\" alt=\"\" decoding=\"async\" loading=\"lazy\" srcset=\"https:\/\/mauvaisgarcons.beer\/wp-content\/uploads\/2019\/08\/carte-de-visite-1.jpg 1017w, https:\/\/mauvaisgarcons.beer\/wp-content\/uploads\/2019\/08\/carte-de-visite-1-150x150.jpg 150w, https:\/\/mauvaisgarcons.beer\/wp-content\/uploads\/2019\/08\/carte-de-visite-1-300x300.jpg 300w, https:\/\/mauvaisgarcons.beer\/wp-content\/uploads\/2019\/08\/carte-de-visite-1-768x768.jpg 768w, https:\/\/mauvaisgarcons.beer\/wp-content\/uploads\/2019\/08\/carte-de-visite-1-640x640.jpg 640w, https:\/\/mauvaisgarcons.beer\/wp-content\/uploads\/2019\/08\/carte-de-visite-1-720x720.jpg 720w, https:\/\/mauvaisgarcons.beer\/wp-content\/uploads\/2019\/08\/carte-de-visite-1-70x70.jpg 70w, https:\/\/mauvaisgarcons.beer\/wp-content\/uploads\/2019\/08\/carte-de-visite-1-80x80.jpg 80w\" sizes=\"(max-width: 1017px) 100vw, 1017px\" \/>\t\t\t\t\t<\/div>\n\t\t\t\t\t\t\t\t<div class=\"hotspot-content\">\n\t\t\t\t\t<p>Les Mauvais Gar\u00e7ons, ce sont des bi\u00e8res qui ont leur propre identit\u00e9. Je vous brasse \u00e0 Saint Amand en Puisaye, avec passion et curiosit\u00e9 diff\u00e9rents styles, connu ou non, pour vous faire partager, parfois d\u00e9couvrir, la vaste \u00e9tendue des styles de bi\u00e8res. Souvent \u00e9ph\u00e9m\u00e8res, mes brassins sont en quantit\u00e9 limit\u00e9e...<\/p>\n\t\t\t\t<\/div>\n\t\t\t<\/div>\n\t\t\t\t\t\n\t\t\t\t\t\t<div class=\"hotspot-info \" id=\"hotspot-hotspot-128-2\">\n\t\t\t\t\n\t\t\t\t<h2 class=\"hotspot-title\">Les bi\u00e8res<\/h2>\t\t\t\t\t\t\t\t<div class=\"hotspot-content\">\n\t\t\t\t\t<p>La s\u00e9lection change suivant les stocks et la saison, contactez-nous pour plus d'info ou suivez l'actualit\u00e9 sur Instagram...<\/p>\n\t\t\t\t<\/div>\n\t\t\t<\/div>\n\t\t\t\t\t\t\t\t\n\t\t\t\t\t\t<div class=\"hotspot-info \" id=\"hotspot-hotspot-128-4\">\n\t\t\t\t\n\t\t\t\t<h2 class=\"hotspot-title\">O\u00f9 trouvez les Mauvais Gar\u00e7ons?<\/h2>\t\t\t\t\t\t\t\t<div class=\"hotspot-content\">\n\t\t\t\t\t<p style=\"font-size: 20px\">Vous pouvez les trouver \u00e0 plusieurs endroits en Puisaye:<\/p>\n<p style=\"font-size: 20px\">Le Point Bar \u00e0 St Sauveur,<\/p>\n<p style=\"font-size: 20px\">l\u2019office du tourisme de St Amand en Puisaye<\/p>\n<p style=\"font-size: 20px\">sur le\u00a0<a style=\"background-color: transparent;color: #ff7800\" href=\"https:\/\/drive-des-fermes-de-puisaye.fr\/\" target=\"_blank\" rel=\"noreferrer noopener\" data-type=\"URL\" data-id=\"https:\/\/drive-des-fermes-de-puisaye.fr\/\">drive des fermes de Puisaye<\/a><\/p>\n<p style=\"font-size: 20px\">A Auxerre, chez \u00ab\u00a0Du levain au pain\u00a0\u00bb<\/p>\n<p style=\"font-size: 20px\">Au march\u00e9 nocturne de St Amand, tout les mercredis de juillet et ao\u00fbt<\/p>\n<p>Et aussi \u00e0 la French Bi\u00e8re, \u00e0 Saint Denis!<\/p>\n<p style=\"font-size: 20px\">possibilit\u00e9s de livraison (Puisaye et Paris)<\/p>\n\t\t\t\t<\/div>\n\t\t\t<\/div>\n\t\t\t\t\t\n\t\t\t\t\t\t<div class=\"hotspot-info \" id=\"hotspot-hotspot-128-5\">\n\t\t\t\t\n\t\t\t\t<h2 class=\"hotspot-title\">On ne touche pas \u00e0 la moustache des gens!!<\/h2>\t\t\t\t\t\t\t\t<div class=\"hotspot-content\">\n\t\t\t\t\t<p>N'utilisant pas la couleur d'une bi\u00e8re pour la qualifier, la couleur des cheveux reste un indice de la couleur de la bi\u00e8re correspondante au mauvais gar\u00e7on sur l'\u00e9tiquette!<\/p>\n\t\t\t\t<\/div>\n\t\t\t<\/div>\n\t\t\t<\/div>\n\n\n","protected":false},"excerpt":{"rendered":"","protected":false},"author":1,"featured_media":0,"parent":0,"menu_order":0,"comment_status":"closed","ping_status":"closed","template":"","meta":[],"_links":{"self":[{"href":"https:\/\/mauvaisgarcons.beer\/index.php\/wp-json\/wp\/v2\/pages\/137"}],"collection":[{"href":"https:\/\/mauvaisgarcons.beer\/index.php\/wp-json\/wp\/v2\/pages"}],"about":[{"href":"https:\/\/mauvaisgarcons.beer\/index.php\/wp-json\/wp\/v2\/types\/page"}],"author":[{"embeddable":true,"href":"https:\/\/mauvaisgarcons.beer\/index.php\/wp-json\/wp\/v2\/users\/1"}],"replies":[{"embeddable":true,"href":"https:\/\/mauvaisgarcons.beer\/index.php\/wp-json\/wp\/v2\/comments?post=137"}],"version-history":[{"count":3,"href":"https:\/\/mauvaisgarcons.beer\/index.php\/wp-json\/wp\/v2\/pages\/137\/revisions"}],"predecessor-version":[{"id":150,"href":"https:\/\/mauvaisgarcons.beer\/index.php\/wp-json\/wp\/v2\/pages\/137\/revisions\/150"}],"wp:attachment":[{"href":"https:\/\/mauvaisgarcons.beer\/index.php\/wp-json\/wp\/v2\/media?parent=137"}],"curies":[{"name":"wp","href":"https:\/\/api.w.org\/{rel}","templated":true}]}}